{"id":8859,"date":"2025-05-15T15:12:30","date_gmt":"2025-05-15T12:12:30","guid":{"rendered":"https:\/\/www.itdcw.eu\/?post_type=product&#038;p=8859"},"modified":"2026-04-02T19:45:01","modified_gmt":"2026-04-02T16:45:01","slug":"destroyer-2-i-2025","status":"publish","type":"product","link":"https:\/\/www.itdcw.eu\/ro\/produs\/destroyer-2-i-2025\/","title":{"rendered":"Destroyer 2-i (2025)"},"content":{"rendered":"<p><strong>Sistemul este echipat cu urmatoarele componente:<\/strong><br \/>\n<strong>Carcas\u0103<\/strong>: Corsair FRAME 4000D<br \/>\n<strong>Placa de baz\u0103<\/strong>: GIGABYTE B760 GAMING X AX<br \/>\n<strong>Memorii<\/strong>: Corsair Vengeance 32GB, DDR5, KIT 2x16GB, 6000MT\/s<br \/>\n<strong>Procesor<\/strong>: Intel Core i5-14400F, 4.7 GHz, 20MB Cache<br \/>\n<strong>Placa video<\/strong>: GeForce RTX 5060 8GB, GDDR7, 128-bit<br \/>\n<strong>SSD<\/strong>: Corsair MP600 CORE XT, 1TB<br \/>\n<strong>Cooler<\/strong>: Corsair NAUTILUS 240 RS ARGB<br \/>\n<strong>Surs\u0103<\/strong>: Corsair RM650e (2025), 650W<\/p>\n","protected":false},"excerpt":{"rendered":"<h3><span data-text-color=\"secondary\"><strong>Pentru a \u00eembun\u0103t\u0103\u021bi performan\u021bele sistemului, po\u021bi opta pentru urm\u0103toarele componente:<\/strong><\/span><\/h3>\n","protected":false},"featured_media":9302,"template":"","meta":{"_acf_changed":false},"product_brand":[],"product_cat":[61],"product_tag":[],"class_list":{"0":"post-8859","1":"product","2":"type-product","3":"status-publish","4":"has-post-thumbnail","6":"product_cat-systems-ro","8":"first","9":"instock","10":"taxable","11":"shipping-taxable","12":"purchasable","13":"product-type-yith-composite"},"acf":[],"_links":{"self":[{"href":"https:\/\/www.itdcw.eu\/ro\/wp-json\/wp\/v2\/product\/8859","targetHints":{"allow":["GET"]}}],"collection":[{"href":"https:\/\/www.itdcw.eu\/ro\/wp-json\/wp\/v2\/product"}],"about":[{"href":"https:\/\/www.itdcw.eu\/ro\/wp-json\/wp\/v2\/types\/product"}],"wp:featuredmedia":[{"embeddable":true,"href":"https:\/\/www.itdcw.eu\/ro\/wp-json\/wp\/v2\/media\/9302"}],"wp:attachment":[{"href":"https:\/\/www.itdcw.eu\/ro\/wp-json\/wp\/v2\/media?parent=8859"}],"wp:term":[{"taxonomy":"product_brand","embeddable":true,"href":"https:\/\/www.itdcw.eu\/ro\/wp-json\/wp\/v2\/product_brand?post=8859"},{"taxonomy":"product_cat","embeddable":true,"href":"https:\/\/www.itdcw.eu\/ro\/wp-json\/wp\/v2\/product_cat?post=8859"},{"taxonomy":"product_tag","embeddable":true,"href":"https:\/\/www.itdcw.eu\/ro\/wp-json\/wp\/v2\/product_tag?post=8859"}],"curies":[{"name":"wp","href":"https:\/\/api.w.org\/{rel}","templated":true}]}}