{"id":8519,"date":"2025-04-30T11:01:49","date_gmt":"2025-04-30T08:01:49","guid":{"rendered":"https:\/\/www.itdcw.eu\/?post_type=product&#038;p=8519"},"modified":"2026-04-02T19:45:01","modified_gmt":"2026-04-02T16:45:01","slug":"cube-2-evo","status":"publish","type":"product","link":"https:\/\/www.itdcw.eu\/ro\/produs\/cube-2-evo\/","title":{"rendered":"CUBE 2 Evo"},"content":{"rendered":"<p><strong>Sistemul este echipat cu urmatoarele componente:<\/strong><br \/>\n<strong>Carcas\u0103<\/strong>: MSI MAG FORGE M100A D60<br \/>\n<strong>Placa de baz\u0103<\/strong>: MSI PRO B650M-B<br \/>\n<strong>Memorii<\/strong>: Corsair Vengeance 32GB, DDR5, 5200MHz<br \/>\n<strong>Procesor<\/strong>: AMD RYZEN 5 8500G, 5000MHz, 32MB cache<br \/>\n<strong>Placa video<\/strong>: GeForce RTX 5060 8GB, GDDR7, 128-bit<br \/>\n<strong>SSD<\/strong>: MSI SPATIUM M460, 1TB<br \/>\n<strong>Surs\u0103<\/strong>: MSI MAG A650BNL, 650W<\/p>\n","protected":false},"excerpt":{"rendered":"<div class=\"flex-1 overflow-hidden\">\n<div class=\"react-scroll-to-bottom--css-ngpor-79elbk h-full\">\n<div class=\"react-scroll-to-bottom--css-ngpor-1n7m0yu\">\n<div class=\"flex flex-col pb-9 text-sm\">\n<div class=\"w-full text-token-text-primary\" data-testid=\"conversation-turn-3\">\n<div class=\"px-4 py-2 justify-center text-base md:gap-6 m-auto\">\n<div class=\"flex flex-1 text-base mx-auto gap-3 md:px-5 lg:px-1 xl:px-5 md:max-w-3xl lg:max-w-[40rem] xl:max-w-[48rem] group final-completion\">\n<div class=\"relative flex w-full flex-col lg:w-[calc(100%-115px)] agent-turn\">\n<div class=\"flex-col gap-1 md:gap-3\">\n<div class=\"flex flex-grow flex-col max-w-full\">\n<div class=\"min-h-[20px] text-message flex flex-col items-start gap-3 whitespace-pre-wrap break-words [.text-message+&amp;]:mt-5 overflow-x-auto\" data-message-author-role=\"assistant\" data-message-id=\"917b29da-6180-4a58-9c2e-de37c60d15ee\">\n<div class=\"markdown prose w-full break-words dark:prose-invert dark\">\n<h3><span data-text-color=\"secondary\"><strong>Pentru a \u00eembun\u0103t\u0103\u021bi performan\u021bele sistemului, po\u021bi opta pentru urm\u0103toarele componente:<\/strong><\/span><\/h3>\n<\/div>\n<\/div>\n<\/div>\n<\/div>\n<\/div>\n<\/div>\n<\/div>\n<\/div>\n<\/div>\n<\/div>\n<\/div>\n<\/div>\n","protected":false},"featured_media":2093,"template":"","meta":{"_acf_changed":false},"product_brand":[],"product_cat":[61],"product_tag":[],"class_list":{"0":"post-8519","1":"product","2":"type-product","3":"status-publish","4":"has-post-thumbnail","6":"product_cat-systems-ro","8":"first","9":"instock","10":"taxable","11":"shipping-taxable","12":"purchasable","13":"product-type-yith-composite"},"acf":[],"_links":{"self":[{"href":"https:\/\/www.itdcw.eu\/ro\/wp-json\/wp\/v2\/product\/8519","targetHints":{"allow":["GET"]}}],"collection":[{"href":"https:\/\/www.itdcw.eu\/ro\/wp-json\/wp\/v2\/product"}],"about":[{"href":"https:\/\/www.itdcw.eu\/ro\/wp-json\/wp\/v2\/types\/product"}],"wp:featuredmedia":[{"embeddable":true,"href":"https:\/\/www.itdcw.eu\/ro\/wp-json\/wp\/v2\/media\/2093"}],"wp:attachment":[{"href":"https:\/\/www.itdcw.eu\/ro\/wp-json\/wp\/v2\/media?parent=8519"}],"wp:term":[{"taxonomy":"product_brand","embeddable":true,"href":"https:\/\/www.itdcw.eu\/ro\/wp-json\/wp\/v2\/product_brand?post=8519"},{"taxonomy":"product_cat","embeddable":true,"href":"https:\/\/www.itdcw.eu\/ro\/wp-json\/wp\/v2\/product_cat?post=8519"},{"taxonomy":"product_tag","embeddable":true,"href":"https:\/\/www.itdcw.eu\/ro\/wp-json\/wp\/v2\/product_tag?post=8519"}],"curies":[{"name":"wp","href":"https:\/\/api.w.org\/{rel}","templated":true}]}}