{"id":8229,"date":"2025-04-15T17:12:07","date_gmt":"2025-04-15T14:12:07","guid":{"rendered":"https:\/\/www.itdcw.eu\/?post_type=product&#038;p=8229"},"modified":"2026-04-02T19:45:01","modified_gmt":"2026-04-02T16:45:01","slug":"cruiser-2-i","status":"publish","type":"product","link":"https:\/\/www.itdcw.eu\/ro\/produs\/cruiser-2-i\/","title":{"rendered":"Cruiser 2-i"},"content":{"rendered":"<p><strong>Sistemul este echipat cu urmatoarele componente:<br \/>\nCarcas\u0103<\/strong>: Corsair iCUE 5000D AIRFLOW<br \/>\n<strong>Placa de baz\u0103<\/strong>: MSI B760 GAMING PLUS WIFI<br \/>\n<strong>Memorii<\/strong>: Corsair Vengeance RGB\u00a0DDR5, 32GB, KIT 2x16GB, 6000MT\/s<br \/>\n<strong>Procesor<\/strong>: Intel Core i7-14700K, 5.6 Ghz, 33MB Cache<br \/>\n<strong>Placa video<\/strong>: GeForce RTX 5070 12G VENTUS 3X OC<br \/>\n<strong>SSD<\/strong>: Corsair MP600 ELITE, 1TB<br \/>\n<strong>Cooler<\/strong>: Corsair iCUE LINK TITAN 360 RX RGB<br \/>\n<strong>Surs\u0103<\/strong>: Corsair RM750e, 750W<\/p>\n","protected":false},"excerpt":{"rendered":"<h3><span data-text-color=\"secondary\"><strong>Pentru a \u00eembun\u0103t\u0103\u021bi performan\u021bele sistemului, po\u021bi opta pentru urm\u0103toarele componente:<\/strong><\/span><\/h3>\n","protected":false},"featured_media":2247,"template":"","meta":{"_acf_changed":false},"product_brand":[],"product_cat":[61],"product_tag":[],"class_list":{"0":"post-8229","1":"product","2":"type-product","3":"status-publish","4":"has-post-thumbnail","6":"product_cat-systems-ro","8":"first","9":"instock","10":"taxable","11":"shipping-taxable","12":"purchasable","13":"product-type-yith-composite"},"acf":[],"_links":{"self":[{"href":"https:\/\/www.itdcw.eu\/ro\/wp-json\/wp\/v2\/product\/8229","targetHints":{"allow":["GET"]}}],"collection":[{"href":"https:\/\/www.itdcw.eu\/ro\/wp-json\/wp\/v2\/product"}],"about":[{"href":"https:\/\/www.itdcw.eu\/ro\/wp-json\/wp\/v2\/types\/product"}],"wp:featuredmedia":[{"embeddable":true,"href":"https:\/\/www.itdcw.eu\/ro\/wp-json\/wp\/v2\/media\/2247"}],"wp:attachment":[{"href":"https:\/\/www.itdcw.eu\/ro\/wp-json\/wp\/v2\/media?parent=8229"}],"wp:term":[{"taxonomy":"product_brand","embeddable":true,"href":"https:\/\/www.itdcw.eu\/ro\/wp-json\/wp\/v2\/product_brand?post=8229"},{"taxonomy":"product_cat","embeddable":true,"href":"https:\/\/www.itdcw.eu\/ro\/wp-json\/wp\/v2\/product_cat?post=8229"},{"taxonomy":"product_tag","embeddable":true,"href":"https:\/\/www.itdcw.eu\/ro\/wp-json\/wp\/v2\/product_tag?post=8229"}],"curies":[{"name":"wp","href":"https:\/\/api.w.org\/{rel}","templated":true}]}}