{"id":8002,"date":"2025-04-14T15:43:43","date_gmt":"2025-04-14T12:43:43","guid":{"rendered":"https:\/\/www.itdcw.eu\/?post_type=product&#038;p=8002"},"modified":"2026-04-02T19:45:01","modified_gmt":"2026-04-02T16:45:01","slug":"35mm-a1-ro","status":"publish","type":"product","link":"https:\/\/www.itdcw.eu\/ro\/produs\/35mm-a1-ro\/","title":{"rendered":"35mm a1"},"content":{"rendered":"<p><strong>Sistemul este echipat cu urmatoarele componente:<br \/>\n<\/strong><strong>Carcas\u0103<\/strong>: Corsair 5000D AIRFLOW<br \/>\n<strong>Placa de baz\u0103<\/strong>: GIGABYTE X870E AORUS PRO<br \/>\n<strong>Memorii<\/strong>: Corsair Vengeance 64GB, DDR5, 6000MT\/s<br \/>\n<strong>Procesor<\/strong>: AMD Ryzen 9 9950X3D<br \/>\n<strong>Placa video<\/strong>: GeForce RTX 5080 16GB, GDDR7, 256-bit<br \/>\n<strong>SSD<\/strong>: Corsair MP600 ELITE, 2TB<br \/>\n<strong>Cooler<\/strong>: Corsair NAUTILUS 360 RS<br \/>\n<strong>Surs\u0103<\/strong>: Corsair RM1000e, 1000W<\/p>\n","protected":false},"excerpt":{"rendered":"<h3><span data-text-color=\"secondary\"><strong>Pentru a \u00eembun\u0103t\u0103\u021bi performan\u021bele sistemului, po\u021bi opta pentru urm\u0103toarele componente:<\/strong><\/span><\/h3>\n","protected":false},"featured_media":3447,"template":"","meta":{"_acf_changed":false},"product_brand":[],"product_cat":[61],"product_tag":[],"class_list":{"0":"post-8002","1":"product","2":"type-product","3":"status-publish","4":"has-post-thumbnail","6":"product_cat-systems-ro","8":"first","9":"instock","10":"taxable","11":"shipping-taxable","12":"purchasable","13":"product-type-yith-composite"},"acf":[],"_links":{"self":[{"href":"https:\/\/www.itdcw.eu\/ro\/wp-json\/wp\/v2\/product\/8002","targetHints":{"allow":["GET"]}}],"collection":[{"href":"https:\/\/www.itdcw.eu\/ro\/wp-json\/wp\/v2\/product"}],"about":[{"href":"https:\/\/www.itdcw.eu\/ro\/wp-json\/wp\/v2\/types\/product"}],"wp:featuredmedia":[{"embeddable":true,"href":"https:\/\/www.itdcw.eu\/ro\/wp-json\/wp\/v2\/media\/3447"}],"wp:attachment":[{"href":"https:\/\/www.itdcw.eu\/ro\/wp-json\/wp\/v2\/media?parent=8002"}],"wp:term":[{"taxonomy":"product_brand","embeddable":true,"href":"https:\/\/www.itdcw.eu\/ro\/wp-json\/wp\/v2\/product_brand?post=8002"},{"taxonomy":"product_cat","embeddable":true,"href":"https:\/\/www.itdcw.eu\/ro\/wp-json\/wp\/v2\/product_cat?post=8002"},{"taxonomy":"product_tag","embeddable":true,"href":"https:\/\/www.itdcw.eu\/ro\/wp-json\/wp\/v2\/product_tag?post=8002"}],"curies":[{"name":"wp","href":"https:\/\/api.w.org\/{rel}","templated":true}]}}