{"id":3300,"date":"2023-09-21T07:42:43","date_gmt":"2023-09-21T04:42:43","guid":{"rendered":"https:\/\/www.itdcw.eu\/?post_type=product&#038;p=3300"},"modified":"2026-04-02T19:45:18","modified_gmt":"2026-04-02T16:45:18","slug":"cronus-ro2025","status":"publish","type":"product","link":"https:\/\/www.itdcw.eu\/ro\/produs\/cronus-ro2025\/","title":{"rendered":"Cronus (2025)"},"content":{"rendered":"<p><strong>Sistemul este echipat cu urmatoarele componente:<\/strong><br \/>\n<strong>Carcas\u0103<\/strong>: Corsair 5000D AIRFLOW<br \/>\n<strong>Placa de baz\u0103<\/strong>: GIGABYTE X870 EAGLE WIFI7<br \/>\n<strong>Memorii<\/strong>: Corsair Vengeance RGB, 32GB, DDR5, 6000MHz<br \/>\n<strong>Procesor<\/strong>: AMD RYZEN 9 9950X, 4.3 &#8211; 5.7GHz<br \/>\n<strong>Placa video<\/strong>: GeForce RTX 5090 32G SUPRIM SOC<br \/>\n<strong>SSD<\/strong>: Samsung 990 PRO, 2TB<br \/>\n<strong>Cooler<\/strong>: Corsair iCUE LINK TITAN 280 RX RGB<br \/>\n<strong>Surs\u0103<\/strong>: Corsair HX1200i, 1200 W<\/p>\n","protected":false},"excerpt":{"rendered":"<h3><span data-text-color=\"secondary\"><strong>Pentru a \u00eembun\u0103t\u0103\u021bi performan\u021bele sistemului, po\u021bi opta pentru urm\u0103toarele componente:<\/strong><\/span><\/h3>\n","protected":false},"featured_media":9295,"template":"","meta":{"_acf_changed":false},"product_brand":[],"product_cat":[61],"product_tag":[],"class_list":{"0":"post-3300","1":"product","2":"type-product","3":"status-publish","4":"has-post-thumbnail","6":"product_cat-systems-ro","8":"first","9":"instock","10":"taxable","11":"shipping-taxable","12":"purchasable","13":"product-type-yith-composite"},"acf":[],"_links":{"self":[{"href":"https:\/\/www.itdcw.eu\/ro\/wp-json\/wp\/v2\/product\/3300","targetHints":{"allow":["GET"]}}],"collection":[{"href":"https:\/\/www.itdcw.eu\/ro\/wp-json\/wp\/v2\/product"}],"about":[{"href":"https:\/\/www.itdcw.eu\/ro\/wp-json\/wp\/v2\/types\/product"}],"wp:featuredmedia":[{"embeddable":true,"href":"https:\/\/www.itdcw.eu\/ro\/wp-json\/wp\/v2\/media\/9295"}],"wp:attachment":[{"href":"https:\/\/www.itdcw.eu\/ro\/wp-json\/wp\/v2\/media?parent=3300"}],"wp:term":[{"taxonomy":"product_brand","embeddable":true,"href":"https:\/\/www.itdcw.eu\/ro\/wp-json\/wp\/v2\/product_brand?post=3300"},{"taxonomy":"product_cat","embeddable":true,"href":"https:\/\/www.itdcw.eu\/ro\/wp-json\/wp\/v2\/product_cat?post=3300"},{"taxonomy":"product_tag","embeddable":true,"href":"https:\/\/www.itdcw.eu\/ro\/wp-json\/wp\/v2\/product_tag?post=3300"}],"curies":[{"name":"wp","href":"https:\/\/api.w.org\/{rel}","templated":true}]}}