{"id":3283,"date":"2023-09-21T07:07:14","date_gmt":"2023-09-21T04:07:14","guid":{"rendered":"https:\/\/www.itdcw.eu\/?post_type=product&#038;p=3283"},"modified":"2026-04-02T19:45:18","modified_gmt":"2026-04-02T16:45:18","slug":"canvas-type-1-1-ro","status":"publish","type":"product","link":"https:\/\/www.itdcw.eu\/ro\/produs\/canvas-type-1-1-ro\/","title":{"rendered":"Canvas Type 1.1"},"content":{"rendered":"<p><strong>Sistemul este echipat cu urmatoarele componente:<br \/>\n<\/strong><strong>Carcas\u0103<\/strong>: Corsair FRAME 4000D<br \/>\n<strong>Placa de baz\u0103<\/strong>: GIGABYTE B760 GAMING X AX<br \/>\n<strong>Memorii<\/strong>: Corsair Vengeance 32GB, DDR5, 6000MT\/s<br \/>\n<strong>Procesor<\/strong>: Intel Core i5-14600K, 5.3 Ghz, 24 MB cache<br \/>\n<strong>Placa video<\/strong>: GeForce RTX 5070 12G GAMING TRIO OC<br \/>\n<strong>SSD<\/strong>: Samsung SSD 990 EVO Plus, 1TB<br \/>\n<strong>Cooler<\/strong>: ARCTIC Freezer 36<br \/>\n<strong>Surs\u0103<\/strong>: Seasonic G12 GC-650 (2024)<\/p>\n","protected":false},"excerpt":{"rendered":"<h3><span data-text-color=\"secondary\"><strong>Pentru a \u00eembun\u0103t\u0103\u021bi performan\u021bele sistemului, po\u021bi opta pentru urm\u0103toarele componente:<\/strong><\/span><\/h3>\n","protected":false},"featured_media":3464,"template":"","meta":{"_acf_changed":false},"product_brand":[],"product_cat":[61],"product_tag":[],"class_list":{"0":"post-3283","1":"product","2":"type-product","3":"status-publish","4":"has-post-thumbnail","6":"product_cat-systems-ro","8":"first","9":"instock","10":"taxable","11":"shipping-taxable","12":"purchasable","13":"product-type-yith-composite"},"acf":[],"_links":{"self":[{"href":"https:\/\/www.itdcw.eu\/ro\/wp-json\/wp\/v2\/product\/3283","targetHints":{"allow":["GET"]}}],"collection":[{"href":"https:\/\/www.itdcw.eu\/ro\/wp-json\/wp\/v2\/product"}],"about":[{"href":"https:\/\/www.itdcw.eu\/ro\/wp-json\/wp\/v2\/types\/product"}],"wp:featuredmedia":[{"embeddable":true,"href":"https:\/\/www.itdcw.eu\/ro\/wp-json\/wp\/v2\/media\/3464"}],"wp:attachment":[{"href":"https:\/\/www.itdcw.eu\/ro\/wp-json\/wp\/v2\/media?parent=3283"}],"wp:term":[{"taxonomy":"product_brand","embeddable":true,"href":"https:\/\/www.itdcw.eu\/ro\/wp-json\/wp\/v2\/product_brand?post=3283"},{"taxonomy":"product_cat","embeddable":true,"href":"https:\/\/www.itdcw.eu\/ro\/wp-json\/wp\/v2\/product_cat?post=3283"},{"taxonomy":"product_tag","embeddable":true,"href":"https:\/\/www.itdcw.eu\/ro\/wp-json\/wp\/v2\/product_tag?post=3283"}],"curies":[{"name":"wp","href":"https:\/\/api.w.org\/{rel}","templated":true}]}}