{"id":2345,"date":"2022-02-23T16:57:57","date_gmt":"2022-02-23T14:57:57","guid":{"rendered":"https:\/\/www.itdcw.eu\/?page_id=2345"},"modified":"2023-10-30T15:15:21","modified_gmt":"2023-10-30T13:15:21","slug":"termeni-si-conditii","status":"publish","type":"page","link":"https:\/\/www.itdcw.eu\/ro\/termeni-si-conditii\/","title":{"rendered":"Termeni \u0219i condi\u021bii"},"content":{"rendered":"\n\t<section class=\"section\" id=\"section_54439071\">\n\t\t<div class=\"section-bg fill\" >\n\t\t\t\t\t\t\t\t\t\n\t\t\t\n\n\t\t<\/div>\n\n\t\t\n\n\t\t<div class=\"section-content relative\">\n\t\t\t\n<div class=\"row\"  id=\"row-1915636992\">\n\n\t<div id=\"col-561652663\" class=\"col small-12 large-12\"  >\n\t\t\t\t<div class=\"col-inner\"  >\n\t\t\t\n\t\t\t\n<h2><strong>Termeni si condi\u021bii de utilizare a site-ului www.itdcw.eu<\/strong><\/h2>\n<h3><strong>INFORMA\u021aII GENERALE<\/strong><\/h3>\n<p>Termenii \u0219i Condi\u021bii generale sunt aplicabile tuturor v\u00e2nz\u0103rilor de bunuri \u0219i servicii efectuate de c\u0103tre S.C. IT Direct SRL prin intermediul magazinului online www.itdcw.eu c\u0103tre cump\u0103r\u0103tor. Prin accesarea \u0219i navigarea pe acest site, sunte\u021bi de acord cu condi\u021biile de utilizare descrise mai jos.<\/p>\n<h3><strong>Defini\u021bii:<\/strong><\/h3>\n<p><strong>Cump\u0103r\u0103tor:<\/strong> O persoan\u0103 fizic\u0103 sau juridic\u0103 care emite o comand\u0103.<br \/><strong>V\u00e2nz\u0103tor:<\/strong> S.C. IT Direct S.R.L. cu sediul \u00een Bucure\u0219ti, Str. Drumul \u00centre Tarlale, Nr. 160-174, Apollo Logistic Park, Sector 3, etaj 1, cod po\u0219tal 032982.<br \/><strong>Bunuri \u0219i Servicii:<\/strong> Orice tip de produs sau serviciu, inclusiv documentele \u0219i serviciile men\u021bionate \u00een comand\u0103 sau cele care sunt legate \u00een orice fel de acestea \u0219i care urmeaz\u0103 s\u0103 fie furnizate de v\u00e2nz\u0103tor c\u0103tre cump\u0103r\u0103tor.<br \/><strong>Comand\u0103:<\/strong> Un document electronic care serve\u0219te ca form\u0103 de comunicare \u00eentre cump\u0103r\u0103tor \u0219i v\u00e2nz\u0103tor prin care v\u00e2nz\u0103torul se angajeaz\u0103 s\u0103 livreze bunurile \u0219i\/sau serviciile, iar cump\u0103r\u0103torul se angajeaz\u0103 s\u0103 primeasc\u0103 aceste bunuri \u0219i\/sau servicii \u0219i s\u0103 efectueze plata corespunz\u0103toare.<br \/><strong>Contract:<\/strong> Comanda confirmat\u0103 de v\u00e2nz\u0103tor prin emiterea unei facturi fiscale. Contractul este \u00eencheiat \u00een momentul emiterii facturii fiscale, nu la momentul plas\u0103rii comenzii sau la primirea confirm\u0103rii acesteia.<br \/><strong>Drepturi de proprietate intelectual\u0103:<\/strong>\u00a0Toate drepturile imateriale, cum ar fi know-how-ul, dreptul de autor \u0219i drepturile de autor, drepturile asupra bazelor de date, drepturile de design, drepturile de model, patentele, m\u0103rcile \u00eenregistrate \u0219i \u00eenregistr\u0103rile de nume de domeniu pentru oricare dintre acestea.<br \/><strong>Specifica\u021bii:<\/strong> Toate specifica\u021biile \u0219i\/sau descrierile bunurilor \u0219i serviciilor conform preciz\u0103rilor din comand\u0103.<\/p>\n<h3><strong>CON\u021aINUTUL SITE-ULUI<\/strong><\/h3>\n<p>Societatea S.C. IT Direct S.R.L. detine toate drepturile de proprietate asupra continutului prezent pe site, inclusiv logo-uri, imagini, texte si continut multimedia. Aceste drepturi sunt acordate direct sau indirect, prin licente de utilizare sau publicare.<br \/>Toate informa\u021biile, produsele sau aplica\u021biile con\u021binute \u00een acest site sunt proprietatea S.C. IT Direct S.R.L., care \u00ee\u0219i rezerv\u0103 dreptul de a modifica con\u021binutul \u0219i\/sau structura site-ului \u00een orice moment \u0219i f\u0103r\u0103 notificare prealabil\u0103.<br \/>\u00centregul con\u021binut al site-ului www.itdcw.eu este protejat de legea drepturilor de autor, toate drepturile fiind rezervate. Toate drepturile privind paginile, con\u021binutul \u0219i prezentarea site-ului sunt de\u021binute de S.C. IT Direct S.R.L.. Nici o parte a acestui site nu poate fi reprodus\u0103, stocat\u0103 \u00eentr-un sistem de recuperare sau transmis\u0103 sub orice form\u0103 sau prin orice mijloace, f\u0103r\u0103 permisiunea prealabil\u0103 scris\u0103 a S.C. IT Direct S.R.L.<br \/>Accesul \u0219i utilizarea paginii www.itdcw.eu sunt gratuite \u0219i sunt menite s\u0103 ajute utilizatorii s\u0103 g\u0103seasc\u0103 informa\u021biile de care au nevoie \u00een cel mai simplu \u0219i rapid mod posibil, \u00een func\u021bie de cerin\u021bele lor.<br \/>Termenul &#8222;utilizator&#8221; al acestei pagini \u00eenseamn\u0103 orice persoan\u0103 fizic\u0103 sau juridic\u0103 care va accesa pagina. Pute\u021bi copia \u0219i imprima con\u021binutul paginii www.itdcw.eu pentru uz personal, f\u0103r\u0103 inten\u021bii comerciale. \u00cen orice alt caz, con\u021binutul paginii www.itdcw.eu nu poate fi reprodus, modificat sau exploatat f\u0103r\u0103 acordul expres al reprezentan\u021bilor www.itdcw.eu.<br \/>Scopul con\u021binutului site-ului este de a furniza informa\u021bii actualizate \u0219i exacte.<br \/>S.C. IT Direct S.R.L. nu poate garanta c\u0103 aceste pagini nu con\u021bin erori \u0219i asigur\u0103 c\u0103 va face tot posibilul pentru a furniza informa\u021bii corecte.<br \/>Orice persoan\u0103 care dore\u0219te s\u0103 achizi\u021bioneze unul dintre serviciile sau produsele prezentate pe site este rugat\u0103 s\u0103 contacteze S.C. IT Direct S.R.L. prin intermediul unuia dintre mijloacele afi\u0219ate pe pagina de Contact a site-ului, pentru a se informa at\u00e2t despre disponibilitatea serviciului sau produsului \u00een cauz\u0103, c\u00e2t \u0219i despre condi\u021biile contractuale, tarifele \u0219i informa\u021biile tehnice sau de alt\u0103 natur\u0103.<\/p>\n<h3><strong>LIMITAREA R\u0102SPUNDERII S.C. IT DIRECT S.R.L.<\/strong><\/h3>\n<p>Con\u021binutul informa\u021biilor se refer\u0103 la descrierea cu un anumit grad de detaliere a activit\u0103\u021bilor, produselor \u0219i serviciilor. S.C. IT Direct S.R.L. nu va oferi nicio garan\u021bie cu privire la:<br \/>&#8211; evitarea utiliz\u0103rii dificile sau \u00eentreruperea site-ului;<br \/>&#8211; neafectarea f\u0103r\u0103 efecte negative a altor sisteme prin utilizarea site-ului;<br \/>&#8211; absen\u021ba pe site a viru\u0219ilor sau a altor componente care ar putea d\u0103una utilizatorilor.<br \/>Astfel, S.C. IT Direct S.R.L. nu poate fi tras\u0103 la r\u0103spundere pentru orice daune directe sau indirecte cauzate de utilizarea site-ului s\u0103u.<br \/>Toate informa\u021biile prezentate pe site cu privire la produsele www.itdcw.eu, pre\u021buri, informa\u021bii, campanii \u0219i promo\u021bii de marketing, aspecte tehnice, sunt prezentate \u00een scop informativ. Nimic din con\u021binutul site-ului, nu poate constitui o ofert\u0103 ferm\u0103 de contract \u0219i nu angajeaz\u0103 r\u0103spunderea S.C. IT Direct S.R.L. \u00een absen\u021ba unui acord ulterior.<br \/>Con\u021binutul site-ului www.itdcw.eu, informa\u021biile \u0219i alte materiale prezentate, nu reprezint\u0103 o consultare juridic\u0103 \u00een sensul Legii nr. 51\/1995.<br \/>V\u00e2nz\u0103torul nu poate fi considerat responsabil pentru eventualele daune suferite de Cump\u0103r\u0103tor sau de orice alt\u0103 parte ca rezultat al \u00eendeplinirii obliga\u021biilor sale conform comenzii. De asemenea, V\u00e2nz\u0103torul nu poart\u0103 r\u0103spunderea pentru eventuale daune cauzate de utilizarea bunurilor \u0219i serviciilor dup\u0103 livrare, \u00een special referitor la pierderile acestora.<\/p>\n<h3><strong>Facturare<\/strong><\/h3>\n<p>Suma total\u0103 pentru bunurile \u0219i serviciile afi\u0219ate pe site-ul nostru www.itdcw.eu include TVA conform legisla\u021biei \u00een vigoare. Pre\u021bul specific, metoda \u0219i termenul de plat\u0103 vor fi precizate \u00een fiecare comand\u0103. La momentul livr\u0103rii bunurilor \u0219i serviciilor, v\u00e2nz\u0103torul va emite o factur\u0103 c\u0103tre cump\u0103r\u0103tor, acesta av\u00e2nd obliga\u021bia de a furniza toate informa\u021biile necesare pentru \u00eentocmirea facturii, \u00een conformitate cu legisla\u021bia \u00een vigoare.<\/p>\n<h3><strong>Garantii<\/strong><\/h3>\n<p>Toate produsele vandute de S.C. IT Direct S.R.L. sunt supuse conditiilor de garantie conforme cu legislatia actuala si politicile comerciale ale producatorilor. Aceste produse sunt noi, ambalate in cutiile originale si provin din surse autorizate de catre fiecare producator.<\/p>\n<p>De asemenea, S.C. IT Direct S.R.L. se angajeaz\u0103 s\u0103 ambaleze \u00een mod corespunz\u0103tor sistemele \u0219i s\u0103 asigure \u00eenso\u021birea documentelor necesare.<\/p>\n<h3><strong>INFORMA\u021aII PERSONALE<\/strong><\/h3>\n<p>Atunci c\u00e2nd acest site v\u0103 solicit\u0103 informa\u021bii personale, acest lucru se face cu scopul de a v\u0103 identifica sau de a v\u0103 contacta ulterior.<br \/>Natura informa\u021biilor solicitate se refer\u0103 \u00een special la datele cu caracter personal (nume, adres\u0103, numere de telefon), adresa de e-mail, modul \u00een care produsele \u0219i\/sau serviciile sunt utilizate.<br \/>Pentru a r\u0103spunde mai bine nevoilor \u0219i \u00eentreb\u0103rilor utilizatorilor site-ului, informa\u021biile solicitate prin intermediul acestui site vor fi supuse stoc\u0103rii \u0219i prelucr\u0103rii electronice.<\/p>\n<h3><strong>LINK CU ALTE SITE-URI<\/strong><\/h3>\n<p>Acest site poate con\u021bine leg\u0103turi sau link-uri c\u0103tre alte site-uri considerate de S.C. IT Direct S.R.L. utile \u00een leg\u0103tur\u0103 cu con\u021binutul site-ului s\u0103u \u0219i care nu se afl\u0103 sub controlul sau conducerea sa. \u00cen cazul utiliz\u0103rii acestor linkuri, se vor aplica condi\u021biile generale de utilizare corespunz\u0103toare acelor site-uri.<br \/>S.C. IT Direct S.R.L. nu poate garanta\/controla actualitatea\/acurate\u021bea informa\u021biilor prezente pe site-urile unor ter\u021bi, catre care se face trimiterea.<\/p>\n<h3><strong>INFORMA\u021aIILE FURNIZATE PRIN INTERMEDIUL SITE-ULUI<\/strong><\/h3>\n<p>Utilizarea site-ului constituie consim\u021b\u0103m\u00e2ntul dvs. expres \u0219i neechivoc \u00een conformitate cu prevederile Legii 677\/2001 \u0219i ale directivelor GDPR pentru protec\u021bia persoanelor fizice \u00een ceea ce prive\u0219te prelucrarea datelor cu caracter personal \u0219i libera circula\u021bie a acestor date. Va exprimati acordul cu privire la urm\u0103toarele: prelucrarea acestor date \u0219i informa\u021bii cu caracter personal de c\u0103tre S.C. IT Direct S.R.L.; transmiterea de materiale promo\u021bionale specifice opera\u021biunilor de marketing direct; solu\u021bionarea de c\u0103tre S.C. IT Direct S.R.L. a cererilor, \u00eentreb\u0103rilor \u0219i reclama\u021biilor adresate (a se vedea pagina de contact a site-ului); alte activit\u0103\u021bi \u00eentreprinse de S.C. IT Direct S.R.L. \u0219i permise de lege, care nu sunt supuse aprob\u0103rii destinatarului.<br \/>S.C. IT Direct S.R.L. va p\u0103stra confiden\u021bialitatea acestor informa\u021bii.<br \/>Pentru orice \u00eentreb\u0103ri legate de exercitarea drepturilor dumneavoastr\u0103 privind utilizarea site-ului \u0219i protec\u021bia utiliz\u0103rii, v\u0103 rug\u0103m s\u0103 ne contacta\u021bi prin intermediul sec\u021biunii Contact a site-ului.<\/p>\n\t\t<\/div>\n\t\t\t\t\t<\/div>\n\n\t\n<\/div>\n\t\t<\/div>\n\n\t\t\n<style>\n#section_54439071 {\n  padding-top: 30px;\n  padding-bottom: 30px;\n}\n<\/style>\n\t<\/section>\n\t\n","protected":false},"excerpt":{"rendered":"","protected":false},"author":1,"featured_media":0,"parent":0,"menu_order":0,"comment_status":"closed","ping_status":"open","template":"","meta":{"_acf_changed":false,"footnotes":""},"class_list":["post-2345","page","type-page","status-publish","hentry"],"acf":[],"_links":{"self":[{"href":"https:\/\/www.itdcw.eu\/ro\/wp-json\/wp\/v2\/pages\/2345","targetHints":{"allow":["GET"]}}],"collection":[{"href":"https:\/\/www.itdcw.eu\/ro\/wp-json\/wp\/v2\/pages"}],"about":[{"href":"https:\/\/www.itdcw.eu\/ro\/wp-json\/wp\/v2\/types\/page"}],"author":[{"embeddable":true,"href":"https:\/\/www.itdcw.eu\/ro\/wp-json\/wp\/v2\/users\/1"}],"replies":[{"embeddable":true,"href":"https:\/\/www.itdcw.eu\/ro\/wp-json\/wp\/v2\/comments?post=2345"}],"version-history":[{"count":17,"href":"https:\/\/www.itdcw.eu\/ro\/wp-json\/wp\/v2\/pages\/2345\/revisions"}],"predecessor-version":[{"id":4926,"href":"https:\/\/www.itdcw.eu\/ro\/wp-json\/wp\/v2\/pages\/2345\/revisions\/4926"}],"wp:attachment":[{"href":"https:\/\/www.itdcw.eu\/ro\/wp-json\/wp\/v2\/media?parent=2345"}],"curies":[{"name":"wp","href":"https:\/\/api.w.org\/{rel}","templated":true}]}}