{"id":2343,"date":"2021-11-04T14:28:16","date_gmt":"2021-11-04T12:28:16","guid":{"rendered":"https:\/\/www.itdcw.eu\/?page_id=2343"},"modified":"2023-11-06T11:35:13","modified_gmt":"2023-11-06T09:35:13","slug":"politica-de-confidentialitate","status":"publish","type":"page","link":"https:\/\/www.itdcw.eu\/ro\/politica-de-confidentialitate\/","title":{"rendered":"Politica de confidentialitate"},"content":{"rendered":"\n\t<section class=\"section\" id=\"section_1926647792\">\n\t\t<div class=\"section-bg fill\" >\n\t\t\t\t\t\t\t\t\t\n\t\t\t\n\n\t\t<\/div>\n\n\t\t\n\n\t\t<div class=\"section-content relative\">\n\t\t\t\n<div class=\"row\"  id=\"row-122092097\">\n\n\t<div id=\"col-980884775\" class=\"col small-12 large-12\"  >\n\t\t\t\t<div class=\"col-inner\"  >\n\t\t\t\n\t\t\t\n<h1><strong>Politic\u0103 de Confiden\u021bialitate<\/strong><\/h1>\n<div>I. Informa\u021bii generale<\/div>\n<div>\u00a0<\/div>\n<div>Consider\u0103m protec\u021bia datelor personale drept un angajament fundamental pentru IT DIRECT, astfel vom aloca toate resursele \u0219i eforturile necesare pentru a prelucra datele dumneavoastr\u0103 \u00een conformitate deplin\u0103 cu Regulamentul (UE) 2016\/679 (&#8222;Regulamentul general privind protec\u021bia datelor&#8221; sau &#8222;GDPR&#8221;), precum \u0219i cu orice alt\u0103 legisla\u021bie aplicabil\u0103. Deoarece transparen\u021ba este unul dintre principiile fundamentale ale acestui cadru legal, am preg\u0103tit acest document pentru a v\u0103 informa cu privire la modul \u00een care colect\u0103m, utiliz\u0103m, transfer\u0103m \u0219i protej\u0103m datele dumneavoastr\u0103 personale atunci c\u00e2nd interac\u021biona\u021bi cu produsele \u0219i serviciile noastre.<\/div>\n<div>\u00a0<\/div>\n<div>Men\u021bion\u0103m c\u0103 ne rezerv\u0103m dreptul de a actualiza \u0219i modifica periodic aceast\u0103 Politic\u0103 de Confiden\u021bialitate, pentru a reflecta orice modific\u0103ri \u00een modul \u00een care prelucr\u0103m datele dumneavoastr\u0103 personale sau orice modific\u0103ri ale cerin\u021belor legale. \u00cen cazul unor astfel de modific\u0103ri, vom afi\u0219a o versiune actualizat\u0103 a Politicii de Confiden\u021bialitate pe site-ul nostru web, de aceea v\u0103 rug\u0103m s\u0103 verifica\u021bi con\u021binutul periodic.<\/div>\n<div>\u00a0<\/div>\n<div>II. Categorii de date cu caracter personal prelucrate<\/div>\n<div>\u00a0<\/div>\n<div>II.1. Dac\u0103 sunte\u021bi utilizator al site-ului, S.C. IT Direct S.R.L. va prelucra datele cu caracter personal pe care le furniza\u021bi prin intermediul sec\u021biunii contact \/ \u00eentreb\u0103ri \/ reclama\u021bii.<\/div>\n<div>\u00a0<\/div>\n<div>III. Scopuri \u0219i motive pentru prelucrare<\/div>\n<div>\u00a0<\/div>\n<div>III.1. www.itdcw.eu prelucreaz\u0103 datele dvs. personale dup\u0103 cum urmeaz\u0103:<\/div>\n<div>\u00a0<\/div>\n<div>&#8211; pentru a efectua analize\/ rapoarte privind func\u021bionarea site-ului, crearea de profiluri bazate pe preferin\u021bele consumatorilor, \u00een principal pentru a \u00eembun\u0103t\u0103\u021bi experien\u021ba oferit\u0103 pe site.<\/div>\n<div>Motiva\u021bie: Prelucrarea datelor dumneavoastr\u0103 \u00een acest scop se bazeaz\u0103 pe interesul legitim al S.C. IT Direct S.R.L de a \u00eembun\u0103t\u0103\u021bi permanent experien\u021ba clien\u021bilor pe site. Furnizarea datelor dumneavoastr\u0103 \u00een acest scop este voluntar\u0103. Refuzul de a furniza date \u00een acest scop nu va avea un efect negativ asupra dumneavoastr\u0103.<\/div>\n<div>&#8211; pentru a solu\u021biona reclama\u021bii, nemul\u021bumiri \u0219i pentru a monitoriza traficul \u0219i pentru a \u00eembun\u0103t\u0103\u021bi experien\u021ba dvs. pe site.<\/div>\n<div>\u00a0<\/div>\n<div>IV. Perioada de timp pentru care v\u0103 prelucr\u0103m datele<\/div>\n<div>\u00cen principiu, S.C. IT Direct S.R.L. va prelucra datele dumneavoastr\u0103 cu caracter personal at\u00e2t timp c\u00e2t este necesar pentru atingerea scopurilor de prelucrare men\u021bionate mai sus.<\/div>\n<div>\u00a0<\/div>\n<div>V. Divulgarea datelor cu caracter personal<\/div>\n<div>\u00cen vederea \u00eendeplinirii scopurilor de prelucrare, S.C. IT Direct S.R.L poate dezv\u0103lui datele dumneavoastr\u0103 c\u0103tre parteneri, ter\u021bi sau entit\u0103\u021bi care sprijin\u0103 S.C. IT Direct S.R.L \u00een desf\u0103\u0219urarea activit\u0103\u021bii prin intermediul site-ului (de exemplu furnizori de servicii IT, produc\u0103tori), sau c\u0103tre autorit\u0103\u021bile publice centrale \/ locale, \u00een urm\u0103toarele cazuri exemplare enumerate:<\/div>\n<div>&#8211; pentru administrarea site-ului;<\/div>\n<div>&#8211; \u00een situa\u021biile \u00een care aceast\u0103 comunicare ar fi necesar\u0103 pentru acordarea premiilor sau a altor facilit\u0103\u021bi, ob\u021binute ca urmare a particip\u0103rii utilizatorilor la diverse campanii promo\u021bionale, organizate de S.C. IT Direct S.R.L<\/div>\n<div>&#8211; pentru a men\u021bine, personaliza \u0219i \u00eembun\u0103t\u0103\u021bi site-ul \u0219i serviciile furnizate<\/div>\n<div>&#8211; atunci c\u00e2nd dezv\u0103luirea datelor cu caracter personal este prev\u0103zut\u0103 de lege, etc.<\/div>\n<div>\u00a0<\/div>\n<div>VI. Transferul de date cu caracter personal<\/div>\n<div>Datele cu caracter personal furnizate c\u0103tre S.C. IT Direct S.R.L. pot fi transferate \u00een afara Rom\u00e2niei, dar numai c\u0103tre \u021b\u0103ri din Uniunea European\u0103.<\/div>\n<div>\u00a0<\/div>\n<div>VII. Drepturile dumneavoastr\u0103<\/div>\n<div>\u00cen condi\u021biile prev\u0103zute de legisla\u021bia privind prelucrarea datelor cu caracter personal, beneficia\u021bi de urm\u0103toarele drepturi:<\/div>\n<div>&#8211; dreptul la informare, respectiv dreptul de a primi detalii cu privire la activit\u0103\u021bile de prelucrare desf\u0103\u0219urate de S.C. IT Direct S.R.L, conform celor descrise \u00een prezentul document;<\/div>\n<div>&#8211; dreptul de acces la date, respectiv dreptul de a ob\u021bine din partea S.C. IT Direct S.R.L. confirmarea prelucr\u0103rii datelor cu caracter personal, precum \u0219i detalii privind activit\u0103\u021bile de prelucrare, cum ar fi modalitatea de prelucrare a datelor, scopul \u00een care se face prelucrarea, destinatarii sau categoriile de destinatari ai datelor, etc;<\/div>\n<div>&#8211; dreptul la rectificare, respectiv dreptul de a ob\u021bine corectarea, f\u0103r\u0103 \u00eent\u00e2rzieri justificate, de c\u0103tre S.C. IT Direct S.R.L. a datelor cu caracter personal inexacte\/nejustificate, precum \u0219i completarea datelor incomplete; Rectificarea\/completarea va fi comunicat\u0103 fiec\u0103rui destinatar c\u0103ruia i-au fost transmise datele, cu excep\u021bia cazului \u00een care acest lucru se dovede\u0219te imposibil sau implic\u0103 un efort dispropor\u021bionat.<\/div>\n<div>&#8211; dreptul de a \u0219terge datele, f\u0103r\u0103 \u00eent\u00e2rzieri nejustificate, (&#8222;dreptul de a fi uitat&#8221;), dac\u0103 se aplic\u0103 unul dintre urm\u0103toarele motive:<\/div>\n<div>\u25e6 acestea nu mai sunt necesare pentru scopurile pentru care au fost colectate sau prelucrate;<\/div>\n<div>\u25e6 \u00een cazul \u00een care consim\u021b\u0103m\u00e2ntul este retras \u0219i nu exist\u0103 niciun alt temei juridic pentru prelucrare;<\/div>\n<div>\u25e6 \u00een cazul \u00een care persoana vizat\u0103 se opune prelucr\u0103rii \u0219i nu exist\u0103 motive legitime care s\u0103 prevaleze;<\/div>\n<div>\u25e6 \u00een cazul \u00een care datele cu caracter personal au fost prelucrate \u00een mod ilegal;<\/div>\n<div>\u25e6 \u00een cazul \u00een care datele cu caracter personal trebuie \u0219terse pentru a respecta o obliga\u021bie legal\u0103;<\/div>\n<div>\u25e6 dac\u0103 datele cu caracter personal au fost colectate \u00een leg\u0103tur\u0103 cu furnizarea de servicii ale societ\u0103\u021bii informa\u021bionale \u00een conformitate cu legisla\u021bia Uniunii sau cu legisla\u021bia na\u021bional\u0103 sub controlul operatorului.<\/div>\n<div>Este posibil ca, \u00een urma cererii de \u0219tergere a datelor, S.C. IT Direct S.R.L. s\u0103 anonimizeze aceste date (lipsindu-le astfel de caracterul personal) \u0219i s\u0103 continue \u00een aceste condi\u021bii prelucrarea \u00een scopuri statistice;<\/div>\n<div>&#8211; dreptul de a restric\u021biona prelucrarea \u00een m\u0103sura \u00een care:<\/div>\n<div>\u25e6 persoana contest\u0103 exactitatea datelor, pentru o perioad\u0103 care s\u0103 ne permit\u0103 s\u0103 verific\u0103m corectitudinea datelor;<\/div>\n<div>\u25e6 prelucrarea este ilegal\u0103, iar persoana vizat\u0103 se opune \u0219tergerii datelor cu caracter personal, solicit\u00e2nd \u00een schimb restric\u021bionarea utiliz\u0103rii acestora;<\/div>\n<div>\u25e6 operatorul nu mai are nevoie de datele cu caracter personal \u00een scopul prelucr\u0103rii, dar persoana vizat\u0103 le solicit\u0103 pentru constatarea, exercitarea sau ap\u0103rarea unui drept \u00een instan\u021b\u0103; sau<\/div>\n<div>\u25e6 persoana vizat\u0103 s-a opus prelucr\u0103rii (alta dec\u00e2t marketingul direct), pentru perioada de timp \u00een care se verific\u0103 dac\u0103 drepturile legitime ale operatorului prevaleaz\u0103 asupra celor ale persoanei vizate.<\/div>\n<div>&#8211; dreptul la portabilitatea datelor, respectiv (i) dreptul de a primi datele cu caracter personal \u00eentr-un format structurat, utilizat \u00een mod obi\u0219nuit \u0219i u\u0219or de citit \u0219i (ii) dreptul ca aceste date s\u0103 fie transmise de c\u0103tre S.C. IT Direct S.R.L. c\u0103tre un alt operator de date, \u00een m\u0103sura \u00een care sunt \u00eendeplinite condi\u021biile prev\u0103zute de lege;<\/div>\n<div>&#8211; dreptul de opozi\u021bie &#8211; \u00een ceea ce prive\u0219te activit\u0103\u021bile de prelucrare poate fi exercitat prin depunerea unei cereri, dup\u0103 cum se indic\u0103 mai jos;<\/div>\n<div>\u25e6 \u00een orice moment, din motive legate de situa\u021bia particular\u0103 a persoanei vizate, ca datele care o privesc s\u0103 fie prelucrate pe baza interesului legitim al S.C. IT Direct S.R.L. sau pe baza interesului public, cu excep\u021bia cazurilor \u00een care S.C. IT Direct S.R.L. poate dovedi c\u0103 are motive legitime \u0219i imperioase care justific\u0103 prelucrarea \u0219i prevaleaz\u0103 asupra intereselor, drepturilor \u0219i libert\u0103\u021bilor persoanelor vizate sau c\u0103 scopul este constatarea, exercitarea sau ap\u0103rarea unui drept \u00een instan\u021b\u0103;<\/div>\n<div>\u25e6 \u00een orice moment, \u00een mod gratuit \u0219i f\u0103r\u0103 nicio justificare, ca datele care o privesc s\u0103 fie prelucrate \u00een scopul marketingului direct.<\/div>\n<div>&#8211; dreptul de a nu face obiectul unei decizii individuale automate, adic\u0103 dreptul de a nu face obiectul unei decizii luate exclusiv pe baza unor activit\u0103\u021bi de prelucrare automat\u0103, inclusiv crearea de profiluri, care produce efecte juridice \u00een ceea ce prive\u0219te persoana \u00een cauz\u0103 sau o afecteaz\u0103 \u00een mod similar \u00eentr-o m\u0103sur\u0103 semnificativ\u0103;<\/div>\n<div>&#8211; dreptul de a se adresa Autorit\u0103\u021bii Na\u021bionale pentru Prelucrarea Datelor cu Caracter Personal sau instan\u021belor judec\u0103tore\u0219ti competente, \u00een m\u0103sura \u00een care se consider\u0103 necesar.<\/div>\n<div>Pentru orice \u00eentreb\u0103ri suplimentare cu privire la modul \u00een care sunt prelucrate datele cu caracter personal \u0219i pentru a v\u0103 exercita drepturile men\u021bionate mai sus, v\u0103 rug\u0103m s\u0103 ne contacta\u021bi \u00een scris la adresa de e-mail: contact@itdcw.eu<\/div>\n\t\t<\/div>\n\t\t\t\t\t<\/div>\n\n\t\n<\/div>\n\t\t<\/div>\n\n\t\t\n<style>\n#section_1926647792 {\n  padding-top: 30px;\n  padding-bottom: 30px;\n}\n<\/style>\n\t<\/section>\n\t\n","protected":false},"excerpt":{"rendered":"","protected":false},"author":1,"featured_media":0,"parent":0,"menu_order":0,"comment_status":"closed","ping_status":"open","template":"","meta":{"_acf_changed":false,"footnotes":""},"class_list":["post-2343","page","type-page","status-publish","hentry"],"acf":[],"_links":{"self":[{"href":"https:\/\/www.itdcw.eu\/ro\/wp-json\/wp\/v2\/pages\/2343","targetHints":{"allow":["GET"]}}],"collection":[{"href":"https:\/\/www.itdcw.eu\/ro\/wp-json\/wp\/v2\/pages"}],"about":[{"href":"https:\/\/www.itdcw.eu\/ro\/wp-json\/wp\/v2\/types\/page"}],"author":[{"embeddable":true,"href":"https:\/\/www.itdcw.eu\/ro\/wp-json\/wp\/v2\/users\/1"}],"replies":[{"embeddable":true,"href":"https:\/\/www.itdcw.eu\/ro\/wp-json\/wp\/v2\/comments?post=2343"}],"version-history":[{"count":4,"href":"https:\/\/www.itdcw.eu\/ro\/wp-json\/wp\/v2\/pages\/2343\/revisions"}],"predecessor-version":[{"id":4942,"href":"https:\/\/www.itdcw.eu\/ro\/wp-json\/wp\/v2\/pages\/2343\/revisions\/4942"}],"wp:attachment":[{"href":"https:\/\/www.itdcw.eu\/ro\/wp-json\/wp\/v2\/media?parent=2343"}],"curies":[{"name":"wp","href":"https:\/\/api.w.org\/{rel}","templated":true}]}}