{"id":2331,"date":"2022-02-23T17:03:05","date_gmt":"2022-02-23T15:03:05","guid":{"rendered":"https:\/\/www.itdcw.eu\/?page_id=2331"},"modified":"2023-10-20T21:04:20","modified_gmt":"2023-10-20T18:04:20","slug":"politica-de-cookies","status":"publish","type":"page","link":"https:\/\/www.itdcw.eu\/ro\/politica-de-cookies\/","title":{"rendered":"Politica de cookies"},"content":{"rendered":"\n\t<section class=\"section\" id=\"section_21341133\">\n\t\t<div class=\"section-bg fill\" >\n\t\t\t\t\t\t\t\t\t\n\t\t\t\n\n\t\t<\/div>\n\n\t\t\n\n\t\t<div class=\"section-content relative\">\n\t\t\t\n<div class=\"row\"  id=\"row-516205048\">\n\n\t<div id=\"col-468508669\" class=\"col small-12 large-12\"  >\n\t\t\t\t<div class=\"col-inner\"  >\n\t\t\t\n\t\t\t\n<h2><strong>Politica de cookies<\/strong><\/h2>\n<div>1. Politica de utilizare cookie-uri<\/div>\n<div>Politica privind cookie-urile se aplic\u0103 tuturor utilizatorilor website-ului www.itdcw.ro, operat de S.C. IT Direct S.R.L. cu sediul \u00een Bucure\u0219ti, Str. Drumul \u00centre Tarlale, Nr. 160-174, Apollo Logistic Park, Sector 3, etaj 1, 032982.\u00a0<\/div>\n<div>Urm\u0103toarele informa\u021bii au scopul de a v\u0103 aduce la cuno\u0219tin\u021b\u0103 detalii despre ce sunt cookies, precum \u0219i despre plasarea \u0219i utilizarea acestora.\u00a0<\/div>\n<div>Cookie-urile noastre nu re\u021bin date cu caracter personal de tipul numelui sau prenumelui dumneavoastr\u0103, adresei de e-mail sau detaliilor bancare.<\/div>\n<div>\u00a0<\/div>\n<div>2. Ce sunt cookie-urile?<\/div>\n<div>Utiliz\u0103m termenul &#8222;cookies&#8221; pentru a ne referi la modulele cookie \u0219i la tehnologii similare prin care pot fi colectate automat informa\u021biile.<\/div>\n<div>Un \u201eInternet Cookie\u201d (termen cunoscut \u0219i ca \u201ebrowser cookie\u201d, \u201eHTTP cookie\u201d sau pur \u0219i simplu \u201ecookie\u201d) este un fi\u0219ier de mici dimensiuni, format din litere \u0219i numere, care va fi stocat pe calculator, terminalul mobil sau alte echipamente de pe care se acceseaz\u0103 Internetul.<\/div>\n<div>Un cookie este instalat prin solicitarea emis\u0103 de c\u0103tre un web-server unui browser (ex: Internet Explorer, Firefox,Chrome) \u0219i, \u00een ciuda faptului c\u0103 este stocat pe echipamentul (calculator, terminal mobil, etc.) utilizat pentru accesarea paginilor de internet, nu poate accesa alte informa\u021bii aflate \u00een respectivul dispozitiv \u0219i nu poate con\u021bine programe software, viru\u0219i sau spyware.<\/div>\n<div>Cookie-ul stocheaz\u0103 informa\u021bii importante care \u00eembun\u0103t\u0103\u021besc experien\u021ba de navigare pe Internet (ex: set\u0103rile limbii \u00een care se dore\u0219te accesarea unui site; p\u0103strarea unui user logat \u00een contul de webmail; p\u0103strarea produselor \u00een co\u0219ul de cump\u0103r\u0103turi); face posibil\u0103 recunoa\u0219terea terminalului utilizatorului \u0219i prezentarea c\u0103tre acesta a unui con\u021binut adaptat preferin\u021belor sale.<\/div>\n<div>\u00cen cele mai multe cazuri, cookies nu prelucreaz\u0103 date cu caracter personal \u00een cazul \u00een care sunt utilizate \u0219i nu identific\u0103 utilizatorii paginilor de internet. Un cookie este format din 2 p\u0103r\u021bi: numele \u0219i con\u021binutul sau valoarea cookie-ului.<\/div>\n<div>\u00a0<\/div>\n<div>3. Cum sunt folosite cookie-urile de c\u0103tre acest site?<\/div>\n<div>Cookie-urile sunt utilizate pentru a oferi utilizatorilor o experien\u021b\u0103 de navigare mai bun\u0103, cu servicii adaptate la nevoile\/interesele fiec\u0103ruia, \u0219i anume:<\/div>\n<div>&#8211; \u00eembun\u0103t\u0103\u021birea site-ului, inclusiv prin identificarea eventualelor erori care apar \u00een timpul utiliz\u0103rii acestuia de c\u0103tre utilizatori;<\/div>\n<div>&#8211; furnizarea de statistici anonime c\u0103tre S.C. IT Direct S.R.L., privind modul \u00een care este utilizat acest site;<\/div>\n<div>&#8211; anticiparea preferin\u021belor, care vor fi puse la dispozi\u021bia utilizatorilor \u00een viitor prin intermediul acestui site, \u00een func\u021bie de serviciile\/produsele accesate.<\/div>\n<div>Pe baza feedback-ului transmis de cookie-uri \u00een leg\u0103tur\u0103 cu utilizarea acestui site, S.C. IT Direct S.R.L. poate lua m\u0103suri pentru a face mai eficient\u0103 \u0219i mai accesibil\u0103 experien\u021ba utilizatorilor.<\/div>\n<div>Astfel, folosirea cookie-urilor permite stocarea anumitor set\u0103ri\/preferin\u021be stabilite de c\u0103tre utilizatori, cum ar fi:<\/div>\n<div>&#8211; limba \u00een care este vizualizat site-ul web;<\/div>\n<div>&#8211; preferin\u021bele de afi\u0219are video;<\/div>\n<div>&#8211; postarea comentariilor pe site.<\/div>\n<div>\u00a0<\/div>\n<div>4. Care este durata de via\u021b\u0103 a cookie-urilor?<\/div>\n<div>Durata de via\u021b\u0103 a modulelor cookie poate varia semnificativ, \u00een func\u021bie de scopul pentru care sunt plasate. Exist\u0103 urm\u0103toarele categorii de module cookie care determin\u0103, de asemenea, durata de via\u021b\u0103 a acestora:<\/div>\n<div>&#8211; Cookie-uri per sesiune &#8211; Un &#8222;cookie per sesiune&#8221; este un cookie \u0219ters automat atunci c\u00e2nd utilizatorul \u00ee\u0219i \u00eenchide browserul.<\/div>\n<div>&#8211; Cookie-uri persistente sau fixe &#8211; Un cookie &#8222;persistent&#8221; sau &#8222;fix&#8221; este un cookie care r\u0103m\u00e2ne stocat \u00een terminalul utilizatorului p\u00e2n\u0103 c\u00e2nd ajunge la o anumit\u0103 dat\u0103 de expirare (care poate fi peste c\u00e2teva minute, zile sau c\u00e2\u021biva ani) sau p\u00e2n\u0103 c\u00e2nd sunt \u0219terse manual de utilizator prin intermediul set\u0103rilor browserului.<\/div>\n<div>\u00a0<\/div>\n<div>5. Ce sunt cookie-urile plasate de c\u0103tre ter\u021bi?<\/div>\n<div>Anumite sec\u021biuni ale con\u021binutului de pe site-ul nostru pot fi furnizate de c\u0103tre ter\u021bi, adic\u0103 nu de c\u0103tre S.C. IT Direct S.R.L., caz \u00een care aceste cookie-uri sunt denumite cookie-uri ale ter\u021bilor (&#8222;third party cookies&#8221;).<\/div>\n<div>Ace\u0219ti ter\u021bi trebuie s\u0103 respecte, de asemenea, legea \u00een vigoare \u0219i politicile de confiden\u021bialitate ale de\u021bin\u0103torului website-ului pe care plaseaz\u0103 cookies.<\/div>\n<div>Aceste cookie-uri pot proveni de la urm\u0103toarele ter\u021be: Google Analytics, Facebook, Youtube.<\/div>\n<div>\u00a0<\/div>\n<div>6. O vizit\u0103 pe acest site poate plasa cookie-uri \u00een scopuri de:<\/div>\n<div>O vizit\u0103 pe acest site poate plasa urm\u0103toarele tipuri de cookie-uri:<\/div>\n<div>a. Cookie-uri de performan\u021b\u0103 a site-ului<\/div>\n<div>b. Cookie-uri de analiz\u0103 a vizitatorilor<\/div>\n<div>c. Cookie-uri pentru geotargetting<\/div>\n<div>d. Cookie-uri pentru publicitate<\/div>\n<div>\u00a0<\/div>\n<div>7. Ce fel de informa\u021bii sunt stocate \u0219i accesate prin intermediul cookie-urilor?<\/div>\n<div>Cookie-urile stocheaz\u0103 informa\u021bii \u00eentr-un mic fi\u0219ier text care permite recunoa\u0219terea browserului. Aceast\u0103 pagin\u0103 web recunoa\u0219te browserul p\u00e2n\u0103 c\u00e2nd cookie-urile expir\u0103 sau sunt \u0219terse.<\/div>\n<div>\u00a0<\/div>\n<div>8. Cum se pot opri cookie-urile?<\/div>\n<div>Dezactivarea \u0219i refuzul de a primi cookie-uri poate \u00eengreuna navigarea pe acest site, ceea ce poate duce la limit\u0103ri \u00een utilizarea acestuia. Utilizatorii \u00ee\u0219i pot configura browserul pentru a respinge cookie-urile sau pentru a accepta cookie-urile.<\/div>\n<div>Toate browserele moderne ofer\u0103 posibilitatea de a modifica set\u0103rile cookie-urilor. Aceste set\u0103ri pot fi accesate, de regul\u0103, \u00een sec\u021biunea &#8222;op\u021biuni&#8221; sau \u00een meniul &#8222;preferin\u021be&#8221; al browserului dumneavoastr\u0103.<\/div>\n<div>Cu toate acestea, refuzul sau dezactivarea cookie-urilor nu \u00eenseamn\u0103 c\u0103 nu ve\u021bi mai primi publicitate online &#8211; ci doar c\u0103 aceasta nu va fi adaptat\u0103 preferin\u021belor \u0219i intereselor dumneavoastr\u0103, a\u0219a cum reiese din modul dumneavoastr\u0103 de a naviga site-ul.<\/div>\n<div>Pentru a \u00een\u021belege aceste set\u0103ri, urm\u0103toarele linkuri pot fi utile:<\/div>\n<div>&#8211; Set\u0103ri privind cookie-urile \u00een Internet Explorer &#8211; https:\/\/support.microsoft.com\/en-us\/windows\/delete-and-manage-cookies-168dab11-07\u00ee3-0c3d-7c16-ede5947fc64d<\/div>\n<div>&#8211; Set\u0103ri cookie \u00een Firefox &#8211; https:\/\/support.mozilla.org\/en-US\/kb\/enhanced-tracking-protection-firefox-desktop?redirectslug=enable-and-disable-cookies-website-preferences&amp;redirectlocale=en-US<\/div>\n<div>&#8211; Set\u0103ri cookie \u00een Chrome &#8211; https:\/\/support.google.com\/chrome\/answer\/95647<\/div>\n<div>\u00a0<\/div>\n<div>Dac\u0103 ave\u021bi \u00eentreb\u0103ri suplimentare cu privire la utilizarea cookie-urilor de pe acest site, v\u0103 rug\u0103m s\u0103 ne scrie\u021bi la urm\u0103toarea adres\u0103 de e-mail: contact@itdcw.eu<\/div>\n\t\t<\/div>\n\t\t\t\t\t<\/div>\n\n\t\n<\/div>\n\t\t<\/div>\n\n\t\t\n<style>\n#section_21341133 {\n  padding-top: 30px;\n  padding-bottom: 30px;\n}\n<\/style>\n\t<\/section>\n\t\n","protected":false},"excerpt":{"rendered":"","protected":false},"author":1,"featured_media":0,"parent":0,"menu_order":0,"comment_status":"closed","ping_status":"closed","template":"","meta":{"_acf_changed":false,"footnotes":""},"class_list":["post-2331","page","type-page","status-publish","hentry"],"acf":[],"_links":{"self":[{"href":"https:\/\/www.itdcw.eu\/ro\/wp-json\/wp\/v2\/pages\/2331","targetHints":{"allow":["GET"]}}],"collection":[{"href":"https:\/\/www.itdcw.eu\/ro\/wp-json\/wp\/v2\/pages"}],"about":[{"href":"https:\/\/www.itdcw.eu\/ro\/wp-json\/wp\/v2\/types\/page"}],"author":[{"embeddable":true,"href":"https:\/\/www.itdcw.eu\/ro\/wp-json\/wp\/v2\/users\/1"}],"replies":[{"embeddable":true,"href":"https:\/\/www.itdcw.eu\/ro\/wp-json\/wp\/v2\/comments?post=2331"}],"version-history":[{"count":7,"href":"https:\/\/www.itdcw.eu\/ro\/wp-json\/wp\/v2\/pages\/2331\/revisions"}],"predecessor-version":[{"id":4722,"href":"https:\/\/www.itdcw.eu\/ro\/wp-json\/wp\/v2\/pages\/2331\/revisions\/4722"}],"wp:attachment":[{"href":"https:\/\/www.itdcw.eu\/ro\/wp-json\/wp\/v2\/media?parent=2331"}],"curies":[{"name":"wp","href":"https:\/\/api.w.org\/{rel}","templated":true}]}}