{"id":2295,"date":"2021-11-19T13:53:56","date_gmt":"2021-11-19T11:53:56","guid":{"rendered":"https:\/\/www.itdcw.eu\/?page_id=2295"},"modified":"2025-11-26T16:07:05","modified_gmt":"2025-11-26T14:07:05","slug":"despre-noi","status":"publish","type":"page","link":"https:\/\/www.itdcw.eu\/ro\/despre-noi\/","title":{"rendered":"Despre noi"},"content":{"rendered":"\n\t<section class=\"section\" id=\"section_2116224490\">\n\t\t<div class=\"section-bg fill\" >\n\t\t\t\t\t\t\t\t\t\n\t\t\t\n\n\t\t<\/div>\n\n\t\t\n\n\t\t<div class=\"section-content relative\">\n\t\t\t\n<div class=\"row row-collapse align-center row-box-shadow-3 row-box-shadow-1-hover\"  id=\"row-1563695727\">\n\n\t<div id=\"col-1781250706\" class=\"col small-12 large-12\"  >\n\t\t\t\t<div class=\"col-inner text-center\"  >\n\t\t\t\n\t\t\t\n<h1 class=\"thin-font\" style=\"text-align: center;\"><span style=\"font-size: 130%;\">CONTACT<\/span><\/h1>\n<div class=\"is-divider divider clearfix\" style=\"margin-top:0px;margin-bottom:0px;max-width:100%;height:1px;background-color:rgb(88, 195, 227);\"><\/div>\n\t<div id=\"gap-745313651\" class=\"gap-element clearfix\" style=\"display:block; height:auto;\">\n\t\t\n<style>\n#gap-745313651 {\n  padding-top: 10px;\n}\n<\/style>\n\t<\/div>\n\t\n<h2 class=\"thin-font\"><span style=\"font-size: 85%;\">Suntem profesioni\u0219ti. Suntem dedica\u021bi. Suntem aici pentru tine.<\/span><\/h2>\n<div class=\"ux-logo has-hover align-middle ux_logo inline-block hide-for-small\" style=\"max-width: 100%!important; width: 267.375px!important\"><div class=\"ux-logo-link block image-\" title=\"\" href=\"\" style=\"padding: 15px;\"><img decoding=\"async\" src=\"https:\/\/www.itdcw.eu\/wp-content\/uploads\/2021\/11\/logo_ITDcw-metal_2d.png\" title=\"\" alt=\"\" class=\"ux-logo-image block\" style=\"height:150px;\" \/><\/div><\/div>\n<div class=\"ux-logo has-hover align-middle ux_logo inline-block show-for-small\" style=\"max-width: 100%!important; width: 267.375px!important\"><div class=\"ux-logo-link block image-\" title=\"\" href=\"\" style=\"padding: 15px;\"><img decoding=\"async\" src=\"https:\/\/www.itdcw.eu\/wp-content\/uploads\/2021\/11\/logo_ITDcw-metal_2d.png\" title=\"\" alt=\"\" class=\"ux-logo-image block\" style=\"height:150px;\" \/><\/div><\/div>\n<p>Adresa: Drumul \u00centre Tarlale, Nr. 160-174, Apollo Logistic Park, Sector 3, etaj 1, 032982, Bucure\u0219ti<\/p>\n<p>Telefon: +4021 539.78.27<\/p>\n<p>Email: <a href=\"mailto:contact@itdcw.eu\">contact@itdcw.eu<\/a><\/p>\n<div class=\"is-divider divider clearfix\" style=\"margin-top:10.0px;margin-bottom:10.0px;max-width:10%;height:1px;background-color:rgb(88, 195, 227);\"><\/div>\n<p>Nu ezita\u021bi s\u0103 ne contacta\u021bi pentru mai multe informa\u021bii despre sistemele, serviciile sau solicit\u0103rile voastre. Ne pute\u021bi urm\u0103ri pe re\u021belele de socializare pentru nout\u0103\u021bi \u0219i actualiz\u0103ri.<br \/><strong>V\u0103 mul\u021bumim c\u0103 ne-a\u021bi vizitat!<\/strong><\/p>\n<div class=\"social-icons follow-icons\" ><a href=\"https:\/\/www.facebook.com\/ItDirectRomania\" target=\"_blank\" data-label=\"Facebook\" class=\"icon button circle is-outline tooltip facebook\" title=\"Follow on Facebook\" aria-label=\"Follow on Facebook\" rel=\"noopener nofollow\"><i class=\"icon-facebook\" aria-hidden=\"true\"><\/i><\/a><a href=\"https:\/\/www.instagram.com\/itdcw.eu\/\" target=\"_blank\" data-label=\"Instagram\" class=\"icon button circle is-outline tooltip instagram\" title=\"Follow on Instagram\" aria-label=\"Follow on Instagram\" rel=\"noopener nofollow\"><i class=\"icon-instagram\" aria-hidden=\"true\"><\/i><\/a><a href=\"mailto:contact@itdcw.eu\" data-label=\"E-mail\" target=\"_blank\" class=\"icon button circle is-outline tooltip email\" title=\"Send us an email\" aria-label=\"Send us an email\" rel=\"nofollow noopener\"><i class=\"icon-envelop\" aria-hidden=\"true\"><\/i><\/a><a href=\"https:\/\/www.youtube.com\/channel\/UCHB_aYI6n9ZqJfTjq2UsgTQ\" data-label=\"YouTube\" target=\"_blank\" class=\"icon button circle is-outline tooltip youtube\" title=\"Follow on YouTube\" aria-label=\"Follow on YouTube\" rel=\"noopener nofollow\"><i class=\"icon-youtube\" aria-hidden=\"true\"><\/i><\/a><\/div>\n\t\t<\/div>\n\t\t\t\t\n<style>\n#col-1781250706 > .col-inner {\n  padding: 30px 10px 30px 10px;\n}\n@media (min-width:550px) {\n  #col-1781250706 > .col-inner {\n    padding: 30px 60px 30px 60px;\n  }\n}\n<\/style>\n\t<\/div>\n\n\t\n\n<style>\n#row-1563695727 > .col > .col-inner {\n  background-color: rgba(0, 0, 0, 0.65);\n}\n<\/style>\n<\/div>\n\t<div id=\"gap-10861455\" class=\"gap-element clearfix\" style=\"display:block; height:auto;\">\n\t\t\n<style>\n#gap-10861455 {\n  padding-top: 120px;\n}\n<\/style>\n\t<\/div>\n\t\n<span class=\"scroll-to\" data-label=\"Scroll to: #about\" data-bullet=\"true\" data-link=\"#about\" data-title=\"about\"><a name=\"about\"><\/a><\/span>\n<div class=\"row row-collapse align-center row-box-shadow-3 row-box-shadow-1-hover\"  id=\"row-123899037\">\n\n\t<div id=\"col-1305659374\" class=\"col small-12 large-12\"  >\n\t\t\t\t<div class=\"col-inner text-center\"  >\n\t\t\t\n\t\t\t\n<h1><strong>CUM AM AP\u0102RUT<\/strong><\/h1>\n<div class=\"is-divider divider clearfix\" style=\"margin-top:0px;margin-bottom:0px;max-width:100%;height:1px;background-color:rgb(88, 195, 227);\"><\/div>\n\t<div id=\"gap-777217210\" class=\"gap-element clearfix\" style=\"display:block; height:auto;\">\n\t\t\n<style>\n#gap-777217210 {\n  padding-top: 10px;\n}\n<\/style>\n\t<\/div>\n\t\n<h2 class=\"thin-font\">Noi suntem juc\u0103tori. Suntem utilizatori puternici. Suntem editori foto \u0219i video. Noi suntem voi!<br \/>C\u00e2nd construim sistemele, suntem meticulo\u0219i.<\/h2>\n<p>Compania noastr\u0103 are sediul \u00een Bucure\u0219ti, Rom\u00e2nia \u0219i este specializat\u0103 \u00een realizarea PC-urilor preasamblate \u0219i personalizate, de la cele &#8222;u\u0219oare&#8221;\/pentru jocuri online, p\u00e2n\u0103 la cele mai grele pentru jocuri 4K \u0219i crea\u021bie video cu mai multe monitoare. Echipa este mic\u0103, dar puternic\u0103, format\u0103 din unii dintre cei mai buni ingineri \u0219i tehnicieni din domeniu.<\/p>\n<p>Avem resursele \u0219i motiva\u021bia de a fi cu adev\u0103rat buni \u00een ceea ce facem pentru c\u0103 noi credem c\u0103 UE are nevoie \u0219i, mai presus de toate, merit\u0103 PC-uri performante, la pre\u021buri corecte, cu toate componentele potrivite \u0219i de calitate, care s\u0103 v\u0103 fac\u0103 s\u0103 ave\u021bi \u00eencredere echipa noastra profesionist\u0103 \u0219i, mai presus de toate, s\u0103 ave\u021bi \u00eencredere \u00een produsele noastre.<\/p>\n<p>La ITD Custom Works avem know-how-ul necesar pentru a proiecta, asambla \u0219i testa fiecare dintre PC-urile pe care le producem la cele mai \u00eenalte standarde din industrie. Dac\u0103 un produs nu trece testele noastre, nu \u00eel vindem, iar dac\u0103 se ridic\u0103 la nivelul a\u0219tept\u0103rilor noastre, \u00eei acord\u0103m o &#8222;insign\u0103&#8221; cu logo-ul nostru, ceea ce \u00eenseamn\u0103 c\u0103 ne sus\u021binem produsul.<\/p>\n<p>Ne dezvolt\u0103m \u00een fiecare zi. Fiecare proces este conceput pentru a genera feedback din partea speciali\u0219tilor \u0219i a clien\u021bilor no\u0219tri, iar fiecare problem\u0103 este adus\u0103 \u00een aten\u021bia tuturor departamentelor pentru a ne \u00eembun\u0103t\u0103\u021bi produsele finale. \u00cen cele din urm\u0103, expertiza noastr\u0103, feedback-ul \u0219i sugestiile dumneavoastr\u0103 ne ajut\u0103 s\u0103 construim de fiecare data un PC c\u00e2t mai bun \u0219i mai rapid.<\/p>\n<p>Oferim \u00eentotdeauna suport tehnic prin intermediul telefonului sau e-mail-ului. Ne m\u00e2ndrim cu serviciile oferite, dar \u0219i cu transparen\u021ba noastr\u0103. Suntem sinceri cu clien\u021bii no\u0219tri \u0219i le oferim \u00eentotdeauna cele mai bune sfaturi pentru nevoile \u0219i bugetul lor. Ce conteaz\u0103 pentru noi este s\u0103 insufl\u0103m \u00eencredere \u00een produsele noastre, astfel ne str\u0103duim s\u0103 fim cei mai buni \u00een ceea ce facem.<\/p>\n\t\t<\/div>\n\t\t\t\t\n<style>\n#col-1305659374 > .col-inner {\n  padding: 30px 20px 30px 20px;\n}\n@media (min-width:550px) {\n  #col-1305659374 > .col-inner {\n    padding: 30px 60px 30px 60px;\n  }\n}\n<\/style>\n\t<\/div>\n\n\t\n\n<style>\n#row-123899037 > .col > .col-inner {\n  background-color: rgba(0, 0, 0, 0.65);\n}\n<\/style>\n<\/div>\n\t<div id=\"gap-473626064\" class=\"gap-element clearfix\" style=\"display:block; height:auto;\">\n\t\t\n<style>\n#gap-473626064 {\n  padding-top: 120px;\n}\n<\/style>\n\t<\/div>\n\t\n\n\t\t<\/div>\n\n\t\t\n<style>\n#section_2116224490 {\n  padding-top: 10px;\n  padding-bottom: 10px;\n}\n@media (min-width:550px) {\n  #section_2116224490 {\n    padding-top: 30px;\n    padding-bottom: 30px;\n  }\n}\n<\/style>\n\t<\/section>\n\t\n","protected":false},"excerpt":{"rendered":"","protected":false},"author":1,"featured_media":0,"parent":0,"menu_order":0,"comment_status":"closed","ping_status":"closed","template":"","meta":{"_acf_changed":false,"footnotes":""},"class_list":["post-2295","page","type-page","status-publish","hentry"],"acf":[],"_links":{"self":[{"href":"https:\/\/www.itdcw.eu\/ro\/wp-json\/wp\/v2\/pages\/2295","targetHints":{"allow":["GET"]}}],"collection":[{"href":"https:\/\/www.itdcw.eu\/ro\/wp-json\/wp\/v2\/pages"}],"about":[{"href":"https:\/\/www.itdcw.eu\/ro\/wp-json\/wp\/v2\/types\/page"}],"author":[{"embeddable":true,"href":"https:\/\/www.itdcw.eu\/ro\/wp-json\/wp\/v2\/users\/1"}],"replies":[{"embeddable":true,"href":"https:\/\/www.itdcw.eu\/ro\/wp-json\/wp\/v2\/comments?post=2295"}],"version-history":[{"count":14,"href":"https:\/\/www.itdcw.eu\/ro\/wp-json\/wp\/v2\/pages\/2295\/revisions"}],"predecessor-version":[{"id":10902,"href":"https:\/\/www.itdcw.eu\/ro\/wp-json\/wp\/v2\/pages\/2295\/revisions\/10902"}],"wp:attachment":[{"href":"https:\/\/www.itdcw.eu\/ro\/wp-json\/wp\/v2\/media?parent=2295"}],"curies":[{"name":"wp","href":"https:\/\/api.w.org\/{rel}","templated":true}]}}